{"id":10175,"date":"2022-08-29T12:44:34","date_gmt":"2022-08-29T11:44:34","guid":{"rendered":"https:\/\/btv-rauschendorf.de\/?page_id=10175"},"modified":"2026-02-06T16:13:19","modified_gmt":"2026-02-06T15:13:19","slug":"impressum-3","status":"publish","type":"page","link":"https:\/\/btv-rauschendorf.de\/?page_id=10175","title":{"rendered":"Impressum"},"content":{"rendered":"\n<p><img loading=\"lazy\" decoding=\"async\" width=\"450\" height=\"88\" class=\"wp-image-9740\" style=\"width: 450px;\" src=\"https:\/\/btv-rauschendorf.de\/wp-content\/uploads\/2020\/11\/cropped-cropped-BTV-logo01-3.jpg\" alt=\"\" srcset=\"https:\/\/btv-rauschendorf.de\/wp-content\/uploads\/2020\/11\/cropped-cropped-BTV-logo01-3.jpg 500w, https:\/\/btv-rauschendorf.de\/wp-content\/uploads\/2020\/11\/cropped-cropped-BTV-logo01-3-300x59.jpg 300w\" sizes=\"auto, (max-width: 450px) 100vw, 450px\" \/><\/p>\n\n\n\n<p><strong>Anschrift<\/strong><\/p>\n\n\n\n<p>Brauchtumsverein Rauschendorf e.V.<br>Freie Bitze 32<br>53639 K\u00f6nigswinter<br>Tel.: +49 175 7624896<br>Vorstand@btv-rauschendorf.de<\/p>\n\n\n\n<p><\/p>\n\n\n\n<p><strong>Verantwortlich f\u00fcr Inhalt dieser Seite:<\/strong><\/p>\n\n\n\n<p>Yannick Sterzenbach<br>Am Tor 20<br>53639 K\u00f6nigswinter<br>Tel.: 0157\/86845554<br>y.sterzenbach@btv-rauschendorf.de<\/p>\n\n\n\n<p><strong>Vertretungsberechtigte Personen<\/strong><\/p>\n\n\n\n<p>Erster Vorsitzender: Yannick Sterzenbach<\/p>\n\n\n\n<p>Stellvertretender Vorsitzender: Bj\u00f6rn Meyer<\/p>\n\n\n\n<p><strong>Vereinsregister<\/strong><\/p>\n\n\n\n<p>Vereinsregisternummer: VR 90799 (Amtsgericht Siegburg)<\/p>\n\n\n\n<p><strong>Haftungsausschluss<\/strong><\/p>\n\n\n\n<p>Trotz sorgf\u00e4ltiger Pr\u00fcfung k\u00f6nnen wir keine Haftung f\u00fcr die Inhalte externer Links \u00fcbernehmen. F\u00fcr den Inhalt dieser Seiten sind ausschlie\u00dflich deren Betreiber verantwortlich.<\/p>\n","protected":false},"excerpt":{"rendered":"<p>Anschrift Brauchtumsverein Rauschendorf e.V.Freie Bitze 3253639 K\u00f6nigswinterTel.: +49 175 7624896Vorstand@btv-rauschendorf.de Verantwortlich f\u00fcr Inhalt dieser Seite: Yannick SterzenbachAm Tor 2053639 K\u00f6nigswinterTel.: 0157\/86845554y.sterzenbach@btv-rauschendorf.de Vertretungsberechtigte Personen Erster Vorsitzender: Yannick Sterzenbach Stellvertretender Vorsitzender: Bj\u00f6rn Meyer Vereinsregister Vereinsregisternummer: VR 90799 (Amtsgericht Siegburg) Haftungsausschluss Trotz sorgf\u00e4ltiger Pr\u00fcfung k\u00f6nnen wir keine Haftung f\u00fcr die Inhalte externer Links \u00fcbernehmen. F\u00fcr den Inhalt dieser [&hellip;]<\/p>\n","protected":false},"author":5,"featured_media":0,"parent":0,"menu_order":0,"comment_status":"closed","ping_status":"closed","template":"template\/fullwidth.php","meta":{"footnotes":""},"class_list":["post-10175","page","type-page","status-publish","hentry"],"yoast_head":"<!-- This site is optimized with the Yoast SEO plugin v27.4 - https:\/\/yoast.com\/product\/yoast-seo-wordpress\/ -->\n<title>Impressum - Brauchtumsverein Rauschendorf e.V.<\/title>\n<meta name=\"robots\" content=\"index, follow, max-snippet:-1, max-image-preview:large, max-video-preview:-1\" \/>\n<link rel=\"canonical\" href=\"https:\/\/btv-rauschendorf.de\/?page_id=10175\" \/>\n<meta property=\"og:locale\" content=\"de_DE\" \/>\n<meta property=\"og:type\" content=\"article\" \/>\n<meta property=\"og:title\" content=\"Impressum - Brauchtumsverein Rauschendorf e.V.\" \/>\n<meta property=\"og:description\" content=\"Anschrift Brauchtumsverein Rauschendorf e.V.Freie Bitze 3253639 K\u00f6nigswinterTel.: +49 175 7624896Vorstand@btv-rauschendorf.de Verantwortlich f\u00fcr Inhalt dieser Seite: Yannick SterzenbachAm Tor 2053639 K\u00f6nigswinterTel.: 0157\/86845554y.sterzenbach@btv-rauschendorf.de Vertretungsberechtigte Personen Erster Vorsitzender: Yannick Sterzenbach Stellvertretender Vorsitzender: Bj\u00f6rn Meyer Vereinsregister Vereinsregisternummer: VR 90799 (Amtsgericht Siegburg) Haftungsausschluss Trotz sorgf\u00e4ltiger Pr\u00fcfung k\u00f6nnen wir keine Haftung f\u00fcr die Inhalte externer Links \u00fcbernehmen. F\u00fcr den Inhalt dieser [&hellip;]\" \/>\n<meta property=\"og:url\" content=\"https:\/\/btv-rauschendorf.de\/?page_id=10175\" \/>\n<meta property=\"og:site_name\" content=\"Brauchtumsverein Rauschendorf e.V.\" \/>\n<meta property=\"article:publisher\" content=\"https:\/\/www.facebook.com\/profile.php?id=100068417561917\" \/>\n<meta property=\"article:modified_time\" content=\"2026-02-06T15:13:19+00:00\" \/>\n<meta property=\"og:image\" content=\"https:\/\/btv-rauschendorf.de\/wp-content\/uploads\/2020\/11\/cropped-cropped-BTV-logo01-3.jpg\" \/>\n\t<meta property=\"og:image:width\" content=\"500\" \/>\n\t<meta property=\"og:image:height\" content=\"98\" \/>\n\t<meta property=\"og:image:type\" content=\"image\/jpeg\" \/>\n<meta name=\"twitter:card\" content=\"summary_large_image\" \/>\n<meta name=\"twitter:label1\" content=\"Gesch\u00e4tzte Lesezeit\" \/>\n\t<meta name=\"twitter:data1\" content=\"1\u00a0Minute\" \/>\n<script type=\"application\/ld+json\" class=\"yoast-schema-graph\">{\"@context\":\"https:\\\/\\\/schema.org\",\"@graph\":[{\"@type\":\"WebPage\",\"@id\":\"https:\\\/\\\/btv-rauschendorf.de\\\/?page_id=10175\",\"url\":\"https:\\\/\\\/btv-rauschendorf.de\\\/?page_id=10175\",\"name\":\"Impressum - Brauchtumsverein Rauschendorf e.V.\",\"isPartOf\":{\"@id\":\"https:\\\/\\\/btv-rauschendorf.de\\\/#website\"},\"primaryImageOfPage\":{\"@id\":\"https:\\\/\\\/btv-rauschendorf.de\\\/?page_id=10175#primaryimage\"},\"image\":{\"@id\":\"https:\\\/\\\/btv-rauschendorf.de\\\/?page_id=10175#primaryimage\"},\"thumbnailUrl\":\"https:\\\/\\\/btv-rauschendorf.de\\\/wp-content\\\/uploads\\\/2020\\\/11\\\/cropped-cropped-BTV-logo01-3.jpg\",\"datePublished\":\"2022-08-29T11:44:34+00:00\",\"dateModified\":\"2026-02-06T15:13:19+00:00\",\"breadcrumb\":{\"@id\":\"https:\\\/\\\/btv-rauschendorf.de\\\/?page_id=10175#breadcrumb\"},\"inLanguage\":\"de\",\"potentialAction\":[{\"@type\":\"ReadAction\",\"target\":[\"https:\\\/\\\/btv-rauschendorf.de\\\/?page_id=10175\"]}]},{\"@type\":\"ImageObject\",\"inLanguage\":\"de\",\"@id\":\"https:\\\/\\\/btv-rauschendorf.de\\\/?page_id=10175#primaryimage\",\"url\":\"https:\\\/\\\/btv-rauschendorf.de\\\/wp-content\\\/uploads\\\/2020\\\/11\\\/cropped-cropped-BTV-logo01-3.jpg\",\"contentUrl\":\"https:\\\/\\\/btv-rauschendorf.de\\\/wp-content\\\/uploads\\\/2020\\\/11\\\/cropped-cropped-BTV-logo01-3.jpg\",\"width\":500,\"height\":98},{\"@type\":\"BreadcrumbList\",\"@id\":\"https:\\\/\\\/btv-rauschendorf.de\\\/?page_id=10175#breadcrumb\",\"itemListElement\":[{\"@type\":\"ListItem\",\"position\":1,\"name\":\"Startseite\",\"item\":\"https:\\\/\\\/btv-rauschendorf.de\\\/\"},{\"@type\":\"ListItem\",\"position\":2,\"name\":\"Impressum\"}]},{\"@type\":\"WebSite\",\"@id\":\"https:\\\/\\\/btv-rauschendorf.de\\\/#website\",\"url\":\"https:\\\/\\\/btv-rauschendorf.de\\\/\",\"name\":\"Brauchtumsverein Rauschendorf e.V.\",\"description\":\"Verein zur Erhaltung des Brauchtums im Dorf\",\"publisher\":{\"@id\":\"https:\\\/\\\/btv-rauschendorf.de\\\/#organization\"},\"alternateName\":\"BTV Rauschendorf\",\"potentialAction\":[{\"@type\":\"SearchAction\",\"target\":{\"@type\":\"EntryPoint\",\"urlTemplate\":\"https:\\\/\\\/btv-rauschendorf.de\\\/?s={search_term_string}\"},\"query-input\":{\"@type\":\"PropertyValueSpecification\",\"valueRequired\":true,\"valueName\":\"search_term_string\"}}],\"inLanguage\":\"de\"},{\"@type\":\"Organization\",\"@id\":\"https:\\\/\\\/btv-rauschendorf.de\\\/#organization\",\"name\":\"Brauchtumsverein Rauschendorf e.V.\",\"alternateName\":\"BTV Rauschendorf\",\"url\":\"https:\\\/\\\/btv-rauschendorf.de\\\/\",\"logo\":{\"@type\":\"ImageObject\",\"inLanguage\":\"de\",\"@id\":\"https:\\\/\\\/btv-rauschendorf.de\\\/#\\\/schema\\\/logo\\\/image\\\/\",\"url\":\"https:\\\/\\\/btv-rauschendorf.de\\\/wp-content\\\/uploads\\\/2020\\\/11\\\/cropped-cropped-cropped-BTV-logo01-3.jpg\",\"contentUrl\":\"https:\\\/\\\/btv-rauschendorf.de\\\/wp-content\\\/uploads\\\/2020\\\/11\\\/cropped-cropped-cropped-BTV-logo01-3.jpg\",\"width\":500,\"height\":98,\"caption\":\"Brauchtumsverein Rauschendorf e.V.\"},\"image\":{\"@id\":\"https:\\\/\\\/btv-rauschendorf.de\\\/#\\\/schema\\\/logo\\\/image\\\/\"},\"sameAs\":[\"https:\\\/\\\/www.facebook.com\\\/profile.php?id=100068417561917\",\"https:\\\/\\\/www.instagram.com\\\/btv_rauschendorf\\\/\"]}]}<\/script>\n<!-- \/ Yoast SEO plugin. -->","yoast_head_json":{"title":"Impressum - Brauchtumsverein Rauschendorf e.V.","robots":{"index":"index","follow":"follow","max-snippet":"max-snippet:-1","max-image-preview":"max-image-preview:large","max-video-preview":"max-video-preview:-1"},"canonical":"https:\/\/btv-rauschendorf.de\/?page_id=10175","og_locale":"de_DE","og_type":"article","og_title":"Impressum - Brauchtumsverein Rauschendorf e.V.","og_description":"Anschrift Brauchtumsverein Rauschendorf e.V.Freie Bitze 3253639 K\u00f6nigswinterTel.: +49 175 7624896Vorstand@btv-rauschendorf.de Verantwortlich f\u00fcr Inhalt dieser Seite: Yannick SterzenbachAm Tor 2053639 K\u00f6nigswinterTel.: 0157\/86845554y.sterzenbach@btv-rauschendorf.de Vertretungsberechtigte Personen Erster Vorsitzender: Yannick Sterzenbach Stellvertretender Vorsitzender: Bj\u00f6rn Meyer Vereinsregister Vereinsregisternummer: VR 90799 (Amtsgericht Siegburg) Haftungsausschluss Trotz sorgf\u00e4ltiger Pr\u00fcfung k\u00f6nnen wir keine Haftung f\u00fcr die Inhalte externer Links \u00fcbernehmen. F\u00fcr den Inhalt dieser [&hellip;]","og_url":"https:\/\/btv-rauschendorf.de\/?page_id=10175","og_site_name":"Brauchtumsverein Rauschendorf e.V.","article_publisher":"https:\/\/www.facebook.com\/profile.php?id=100068417561917","article_modified_time":"2026-02-06T15:13:19+00:00","og_image":[{"width":500,"height":98,"url":"https:\/\/btv-rauschendorf.de\/wp-content\/uploads\/2020\/11\/cropped-cropped-BTV-logo01-3.jpg","type":"image\/jpeg"}],"twitter_card":"summary_large_image","twitter_misc":{"Gesch\u00e4tzte Lesezeit":"1\u00a0Minute"},"schema":{"@context":"https:\/\/schema.org","@graph":[{"@type":"WebPage","@id":"https:\/\/btv-rauschendorf.de\/?page_id=10175","url":"https:\/\/btv-rauschendorf.de\/?page_id=10175","name":"Impressum - Brauchtumsverein Rauschendorf e.V.","isPartOf":{"@id":"https:\/\/btv-rauschendorf.de\/#website"},"primaryImageOfPage":{"@id":"https:\/\/btv-rauschendorf.de\/?page_id=10175#primaryimage"},"image":{"@id":"https:\/\/btv-rauschendorf.de\/?page_id=10175#primaryimage"},"thumbnailUrl":"https:\/\/btv-rauschendorf.de\/wp-content\/uploads\/2020\/11\/cropped-cropped-BTV-logo01-3.jpg","datePublished":"2022-08-29T11:44:34+00:00","dateModified":"2026-02-06T15:13:19+00:00","breadcrumb":{"@id":"https:\/\/btv-rauschendorf.de\/?page_id=10175#breadcrumb"},"inLanguage":"de","potentialAction":[{"@type":"ReadAction","target":["https:\/\/btv-rauschendorf.de\/?page_id=10175"]}]},{"@type":"ImageObject","inLanguage":"de","@id":"https:\/\/btv-rauschendorf.de\/?page_id=10175#primaryimage","url":"https:\/\/btv-rauschendorf.de\/wp-content\/uploads\/2020\/11\/cropped-cropped-BTV-logo01-3.jpg","contentUrl":"https:\/\/btv-rauschendorf.de\/wp-content\/uploads\/2020\/11\/cropped-cropped-BTV-logo01-3.jpg","width":500,"height":98},{"@type":"BreadcrumbList","@id":"https:\/\/btv-rauschendorf.de\/?page_id=10175#breadcrumb","itemListElement":[{"@type":"ListItem","position":1,"name":"Startseite","item":"https:\/\/btv-rauschendorf.de\/"},{"@type":"ListItem","position":2,"name":"Impressum"}]},{"@type":"WebSite","@id":"https:\/\/btv-rauschendorf.de\/#website","url":"https:\/\/btv-rauschendorf.de\/","name":"Brauchtumsverein Rauschendorf e.V.","description":"Verein zur Erhaltung des Brauchtums im Dorf","publisher":{"@id":"https:\/\/btv-rauschendorf.de\/#organization"},"alternateName":"BTV Rauschendorf","potentialAction":[{"@type":"SearchAction","target":{"@type":"EntryPoint","urlTemplate":"https:\/\/btv-rauschendorf.de\/?s={search_term_string}"},"query-input":{"@type":"PropertyValueSpecification","valueRequired":true,"valueName":"search_term_string"}}],"inLanguage":"de"},{"@type":"Organization","@id":"https:\/\/btv-rauschendorf.de\/#organization","name":"Brauchtumsverein Rauschendorf e.V.","alternateName":"BTV Rauschendorf","url":"https:\/\/btv-rauschendorf.de\/","logo":{"@type":"ImageObject","inLanguage":"de","@id":"https:\/\/btv-rauschendorf.de\/#\/schema\/logo\/image\/","url":"https:\/\/btv-rauschendorf.de\/wp-content\/uploads\/2020\/11\/cropped-cropped-cropped-BTV-logo01-3.jpg","contentUrl":"https:\/\/btv-rauschendorf.de\/wp-content\/uploads\/2020\/11\/cropped-cropped-cropped-BTV-logo01-3.jpg","width":500,"height":98,"caption":"Brauchtumsverein Rauschendorf e.V."},"image":{"@id":"https:\/\/btv-rauschendorf.de\/#\/schema\/logo\/image\/"},"sameAs":["https:\/\/www.facebook.com\/profile.php?id=100068417561917","https:\/\/www.instagram.com\/btv_rauschendorf\/"]}]}},"_links":{"self":[{"href":"https:\/\/btv-rauschendorf.de\/index.php?rest_route=\/wp\/v2\/pages\/10175","targetHints":{"allow":["GET"]}}],"collection":[{"href":"https:\/\/btv-rauschendorf.de\/index.php?rest_route=\/wp\/v2\/pages"}],"about":[{"href":"https:\/\/btv-rauschendorf.de\/index.php?rest_route=\/wp\/v2\/types\/page"}],"author":[{"embeddable":true,"href":"https:\/\/btv-rauschendorf.de\/index.php?rest_route=\/wp\/v2\/users\/5"}],"replies":[{"embeddable":true,"href":"https:\/\/btv-rauschendorf.de\/index.php?rest_route=%2Fwp%2Fv2%2Fcomments&post=10175"}],"version-history":[{"count":0,"href":"https:\/\/btv-rauschendorf.de\/index.php?rest_route=\/wp\/v2\/pages\/10175\/revisions"}],"wp:attachment":[{"href":"https:\/\/btv-rauschendorf.de\/index.php?rest_route=%2Fwp%2Fv2%2Fmedia&parent=10175"}],"curies":[{"name":"wp","href":"https:\/\/api.w.org\/{rel}","templated":true}]}}