{"id":2579,"date":"2018-09-06T19:00:31","date_gmt":"2018-09-06T19:00:31","guid":{"rendered":"http:\/\/btv-rauschendorf.de\/?page_id=2579"},"modified":"2025-10-13T10:29:45","modified_gmt":"2025-10-13T09:29:45","slug":"datenschutz","status":"publish","type":"page","link":"https:\/\/btv-rauschendorf.de\/?page_id=2579","title":{"rendered":"Datenschutz"},"content":{"rendered":"<h1>Datenschutzerkl\u00e4rung<\/h1>\n<h2>1. Allgemeine Hinweise<\/h2>\n<p>Die folgenden Hinweise geben Ihnen einen \u00dcberblick dar\u00fcber, was mit Ihren personenbezogenen Daten passiert, wenn Sie unsere Website besuchen. Personenbezogene Daten sind alle Daten, mit denen Sie pers\u00f6nlich identifiziert werden k\u00f6nnen.<br \/>\nWir nehmen den Schutz Ihrer Daten sehr ernst. Wir behandeln Ihre personenbezogenen Daten vertraulich und entsprechend der gesetzlichen Datenschutzvorschriften sowie dieser Datenschutzerkl\u00e4rung.<\/p>\n<h2>2. Name und Kontaktdaten der f\u00fcr die Verarbeitung Verantwortlichen<\/h2>\n<p>Brauchtumsverein Rauschendorf e.V.<br \/>\nFreie Bitze 32<br \/>\n53639 K\u00f6nigswinter<br \/>\nTel.: +49 175 7624896<\/p>\n<p>Yannick Sterzenbach<\/p>\n<h2>3. Erhebung und Speicherung personenbezogener Daten sowie Art und Zweck von deren Verwendung<\/h2>\n<p>a) beim Besuch der Webseite<\/p>\n<p>Beim Aufrufen unserer Website werden durch den auf Ihrem Endger\u00e4t zum Einsatz kommenden Browser automatisch Informationen an den Server unserer Website gesendet. Diese Informationen werden tempor\u00e4r in einem sog. Logfile gespeichert. Folgende Informationen werden dabei ohne Ihr Zutun erfasst und bis zur automatisierten L\u00f6schung gespeichert:<\/p>\n<ul>\n<li>IP-Adresse des anfragenden Rechners,<\/li>\n<li>Datum und Uhrzeit des Zugriffs,<\/li>\n<li>Name und URL der abgerufenen Datei,<\/li>\n<li>Website, von der aus der Zugriff erfolgt (Referrer-URL),<\/li>\n<li>verwendeter Browser und ggf. das Betriebssystem Ihres Rechners sowie der Name Ihres Access-Providers.<\/li>\n<\/ul>\n<p>Die genannten Daten werden durch uns zu folgenden Zwecken verarbeitet:<\/p>\n<ul>\n<li>Gew\u00e4hrleistung eines reibungslosen Verbindungsaufbaus der Website,<\/li>\n<li>Gew\u00e4hrleistung einer komfortablen Nutzung unserer Website,<\/li>\n<li>Auswertung der Systemsicherheit und -stabilit\u00e4t sowie<\/li>\n<li>zu weiteren administrativen Zwecken.<\/li>\n<\/ul>\n<p>Die Rechtsgrundlage f\u00fcr die Datenverarbeitung ist Art. 6 Abs. 1 S. 1 lit. f DSGVO. Unser berechtigtes Interesse folgt aus oben aufgelisteten Zwecken zur Datenerhebung. In keinem Fall verwenden wir die erhobenen Daten zu dem Zweck, R\u00fcckschl\u00fcsse auf Ihre Person zu ziehen.<\/p>\n<p>Dar\u00fcber hinaus setzen wir beim Besuch unserer Website Cookies ein. N\u00e4here Erl\u00e4uterungen dazu erhalten Sie unter den Ziff. 5 dieser Datenschutzerkl\u00e4rung.<\/p>\n<p>b) Bei E-Mail Kontakt<\/p>\n<p>Sie haben die M\u00f6glichkeit, mit uns per E-Mail in Kontakt zu treten.<\/p>\n<p>Die Datenverarbeitung zum Zwecke der Kontaktaufnahme mit uns erfolgt nach Art. 6 Abs. 1 S. 1 lit. a DSGVO auf Grundlage Ihrer freiwillig erteilten Einwilligung.<\/p>\n<p>Die von uns erhobenen personenbezogenen Daten durch an uns gerichtete E-Mails werden in einem E-Mail Programm zur Dokumentation und Beantwortung der Anfrage gespeichert. Auf schriftliche Aufforderung l\u00f6schen wir diese E-Mails sofort. Andernfalls werden sie f\u00fcr die Dauer der gesetzlichen Vorschriften gespeichert. Nach Ablauf der Frist werden die Daten gel\u00f6scht.<\/p>\n<h2>4. Weitergabe von Daten<\/h2>\n<p>Eine \u00dcbermittlung Ihrer pers\u00f6nlichen Daten an Dritte zu anderen als den im Folgenden aufgef\u00fchrten Zwecken findet nicht statt.<\/p>\n<p>Wir geben Ihre pers\u00f6nlichen Daten nur an Dritte weiter, wenn:<\/p>\n<ul>\n<li>Sie Ihre nach Art. 6 Abs. 1 S. 1 lit. a DSGVO ausdr\u00fcckliche Einwilligung dazu erteilt haben,<\/li>\n<li>die Weitergabe nach Art. 6 Abs. 1 S. 1 lit. f DSGVO zur Geltendmachung, Aus\u00fcbung oder Verteidigung von Rechtsanspr\u00fcchen erforderlich ist und kein Grund zur Annahme besteht, dass Sie ein \u00fcberwiegendes schutzw\u00fcrdiges Interesse an der Nichtweitergabe Ihrer Daten haben,<\/li>\n<li>f\u00fcr den Fall, dass f\u00fcr die Weitergabe nach Art. 6 Abs. 1 S. 1 lit. c DSGVO eine gesetzliche Verpflichtung besteht, sowie<\/li>\n<li>dies gesetzlich zul\u00e4ssig und nach Art. 6 Abs. 1 S. 1 lit. b DSGVO f\u00fcr die Abwicklung von Vertragsverh\u00e4ltnissen mit Ihnen erforderlich ist.<\/li>\n<\/ul>\n<h2>5. Einsatz von Cookies<\/h2>\n<p>(1) Zus\u00e4tzlich zu den in \u00a7 2 Abs 1 dieser Datenschutzerkl\u00e4rung genannten Daten werden bei Ihrer Nutzung unserer Website Cookies auf Ihrem Rechner gespeichert. Hierbei handelt es sich um kleine Dateien, die Ihr Browser automatisch erstellt und die auf Ihrem Endger\u00e4t (Laptop, Tablet, Smartphone o.\u00e4.) gespeichert werden, wenn Sie unsere Seite besuchen. In dem Cookie werden Informationen abgelegt, die sich jeweils im Zusammenhang mit dem spezifisch eingesetzten Endger\u00e4t ergeben. Dies bedeutet jedoch nicht, dass wir dadurch unmittelbar Kenntnis von Ihrer Identit\u00e4t erhalten. Cookies k\u00f6nnen zudem keine Programme ausf\u00fchren oder Viren auf Ihren Computer \u00fcbertragen. Sie dienen dazu, das Internetangebot insgesamt nutzerfreundlicher und effektiver zu machen.<\/p>\n<p>(2) Diese Website nutzt folgende Arten von Cookies:<\/p>\n<ul>\n<li>Transiente Cookies: Transiente Cookies werden automatisiert gel\u00f6scht, wenn Sie den Browser schlie\u00dfen. Dazu z\u00e4hlen insbesondere die Session-Cookies. Diese speichern eine sogenannte Session-ID, mit welcher sich verschiedene Anfragen Ihres Browsers der gemeinsamen Sitzung zuordnen lassen. Dadurch kann Ihr Rechner wiedererkannt werden, wenn Sie auf unsere Website zur\u00fcckkehren.<\/li>\n<li>Persistente Cookies: Persistente Cookies werden automatisiert nach einer vorgegebenen Dauer gel\u00f6scht, die sich je nach Cookie unterscheiden kann. Derartige Cookies setzen wir ein, um die Nutzung unserer Website statistisch zu erfassen und um unser Angebot zu optimieren. Dabei erm\u00f6glichen uns die Cookies, bei einem erneuten Besuch unserer Seite automatisch zu erkennen, dass Sie bereits bei uns waren.<\/li>\n<\/ul>\n<p>Sie k\u00f6nnen Ihre Browser-Einstellung entsprechend Ihren W\u00fcnschen konfigurieren und z.\u2009B. die Annahme von Third-Party-Cookies oder allen Cookies ablehnen. Wir weisen Sie darauf hin, dass Sie eventuell nicht alle Funktionen dieser Website nutzen k\u00f6nnen.<\/p>\n<p>Die durch Cookies verarbeiteten Daten sind f\u00fcr die genannten Zwecke zur Wahrung unserer berechtigten Interessen sowie der Dritter nach Art. 6 Abs. 1 Buchst. f DSGVO erforderlich.<\/p>\n<h2>6. Betroffenenrechte Datenschutz<\/h2>\n<p>Sie haben das Recht:<\/p>\n<ul>\n<li>gem\u00e4\u00df Art. 15 DSGVO Auskunft \u00fcber Ihre von uns verarbeiteten personenbezogenen Daten zu verlangen. Insbesondere k\u00f6nnen Sie Auskunft \u00fcber die Verarbeitungszwecke, die Kategorie der personenbezogenen Daten, die Kategorien von Empf\u00e4ngern, gegen\u00fcber denen Ihre Daten offengelegt wurden oder werden, die geplante Speicherdauer, das Bestehen eines Rechts auf Berichtigung, L\u00f6schung, Einschr\u00e4nkung der Verarbeitung oder Widerspruch, das Bestehen eines Beschwerderechts, die Herkunft ihrer Daten, sofern diese nicht von uns erhoben wurden, sowie \u00fcber das Bestehen einer automatisierten Entscheidungsfindung einschlie\u00dflich Profiling und ggf. aussagekr\u00e4ftigen Informationen zu deren Einzelheiten verlangen;<\/li>\n<li>gem\u00e4\u00df Art. 16 DSGVO unverz\u00fcglich die Berichtigung unrichtiger oder Vervollst\u00e4ndigung Ihrer bei uns gespeicherten personenbezogenen Daten zu verlangen;<\/li>\n<li>gem\u00e4\u00df Art. 17 DSGVO die L\u00f6schung Ihrer bei uns gespeicherten personenbezogenen Daten zu verlangen, soweit nicht die Verarbeitung zur Aus\u00fcbung des Rechts auf freie Meinungs\u00e4u\u00dferung und Information, zur Erf\u00fcllung einer rechtlichen Verpflichtung, aus Gr\u00fcnden des \u00f6ffentlichen Interesses oder zur Geltendmachung, Aus\u00fcbung oder Verteidigung von Rechtsanspr\u00fcchen erforderlich ist;<\/li>\n<li>gem\u00e4\u00df Art. 18 DSGVO die Einschr\u00e4nkung der Verarbeitung Ihrer personenbezogenen Daten zu verlangen, soweit die Richtigkeit der Daten von Ihnen bestritten wird, die Verarbeitung unrechtm\u00e4\u00dfig ist, Sie aber deren L\u00f6schung ablehnen und wir die Daten nicht mehr ben\u00f6tigen, Sie jedoch diese zur Geltendmachung, Aus\u00fcbung oder Verteidigung von Rechtsanspr\u00fcchen ben\u00f6tigen oder Sie gem\u00e4\u00df Art. 21 DSGVO Widerspruch gegen die Verarbeitung eingelegt haben;<\/li>\n<li>gem\u00e4\u00df Art. 20 DSGVO Ihre personenbezogenen Daten, die Sie uns bereitgestellt haben, in einem strukturierten, g\u00e4ngigen und maschinenlesebaren Format zu erhalten oder die \u00dcbermittlung an einen anderen Verantwortlichen zu verlangen;<\/li>\n<li>gem\u00e4\u00df Art. 7 Abs. 3 DSGVO Ihre einmal erteilte Einwilligung jederzeit gegen\u00fcber uns zu widerrufen. Dies hat zur Folge, dass wir die Datenverarbeitung, die auf dieser Einwilligung beruhte, f\u00fcr die Zukunft nicht mehr fortf\u00fchren darf. M\u00f6chten Sie von Ihrem Widerrufsrecht Gebrauch machen, gen\u00fcgt eine E-Mail an dagmar-ziegner@web.de;<\/li>\n<li>gem\u00e4\u00df Art. 77 DSGVO sich bei einer Aufsichtsbeh\u00f6rde zu beschweren. In der Regel k\u00f6nnen Sie sich hierf\u00fcr an die Aufsichtsbeh\u00f6rde Ihres \u00fcblichen Aufenthaltsortes oder Arbeitsplatzes oder unseres Sitzes wenden.<\/li>\n<\/ul>\n<h2>7. Widerspruchsrecht Datenschutz<\/h2>\n<p>Sofern Ihre personenbezogenen Daten auf Grundlage von berechtigten Interessen gem\u00e4\u00df Art. 6 Abs. 1 S. 1 lit. f DSGVO verarbeitet werden, haben Sie das Recht, gem\u00e4\u00df Art. 21 DSGVO Widerspruch gegen die Verarbeitung Ihrer personenbezogenen Daten einzulegen, soweit daf\u00fcr Gr\u00fcnde vorliegen, die sich aus Ihrer besonderen Situation ergeben oder sich der Widerspruch gegen Direktwerbung richtet. Im letzteren Fall haben Sie ein generelles Widerspruchsrecht, das ohne Angabe einer besonderen Situation von uns umgesetzt wird.<br \/>\nM\u00f6chten Sie von Ihrem Widerspruchsrecht Gebrauch machen, gen\u00fcgt eine E-Mail an y.sterzenbach(-at-)btv-rauschendorf.de<\/p>\n<h2>8. Datensicherheit<\/h2>\n<p>Wir bedienen uns geeigneter technischer und organisatorischer Sicherheitsma\u00dfnahmen, um Ihre Daten gegen zuf\u00e4llige oder vors\u00e4tzliche Manipulationen, teilweisen oder vollst\u00e4ndigen Verlust, Zerst\u00f6rung oder gegen den unbefugten Zugriff Dritter zu sch\u00fctzen. Meine Sicherheitsma\u00dfnahmen werden entsprechend der technologischen Entwicklung fortlaufend verbessert.<\/p>\n<p>Stand: September 2018<\/p>\n<p>Unsere Datenschutzserkl\u00e4rung kann aufgrund gesetzlicher Vorgaben erg\u00e4nzt oder abge\u00e4ndert werden. Bitte informieren Sie sich regelm\u00e4\u00dfig \u00fcber den aktuellen Stand<\/p>\n","protected":false},"excerpt":{"rendered":"<p>Datenschutzerkl\u00e4rung 1. Allgemeine Hinweise Die folgenden Hinweise geben Ihnen einen \u00dcberblick dar\u00fcber, was mit Ihren personenbezogenen Daten passiert, wenn Sie unsere Website besuchen. Personenbezogene Daten sind alle Daten, mit denen Sie pers\u00f6nlich identifiziert werden k\u00f6nnen. Wir nehmen den Schutz Ihrer Daten sehr ernst. Wir behandeln Ihre personenbezogenen Daten vertraulich und entsprechend der gesetzlichen Datenschutzvorschriften sowie [&hellip;]<\/p>\n","protected":false},"author":3,"featured_media":0,"parent":0,"menu_order":0,"comment_status":"closed","ping_status":"closed","template":"template\/fullwidth.php","meta":{"footnotes":""},"class_list":["post-2579","page","type-page","status-publish","hentry"],"yoast_head":"<!-- This site is optimized with the Yoast SEO plugin v27.4 - https:\/\/yoast.com\/product\/yoast-seo-wordpress\/ -->\n<title>Datenschutz - Brauchtumsverein Rauschendorf e.V.<\/title>\n<meta name=\"robots\" content=\"index, follow, max-snippet:-1, max-image-preview:large, max-video-preview:-1\" \/>\n<link rel=\"canonical\" href=\"https:\/\/btv-rauschendorf.de\/?page_id=2579\" \/>\n<meta property=\"og:locale\" content=\"de_DE\" \/>\n<meta property=\"og:type\" content=\"article\" \/>\n<meta property=\"og:title\" content=\"Datenschutz - Brauchtumsverein Rauschendorf e.V.\" \/>\n<meta property=\"og:description\" content=\"Datenschutzerkl\u00e4rung 1. Allgemeine Hinweise Die folgenden Hinweise geben Ihnen einen \u00dcberblick dar\u00fcber, was mit Ihren personenbezogenen Daten passiert, wenn Sie unsere Website besuchen. Personenbezogene Daten sind alle Daten, mit denen Sie pers\u00f6nlich identifiziert werden k\u00f6nnen. Wir nehmen den Schutz Ihrer Daten sehr ernst. Wir behandeln Ihre personenbezogenen Daten vertraulich und entsprechend der gesetzlichen Datenschutzvorschriften sowie [&hellip;]\" \/>\n<meta property=\"og:url\" content=\"https:\/\/btv-rauschendorf.de\/?page_id=2579\" \/>\n<meta property=\"og:site_name\" content=\"Brauchtumsverein Rauschendorf e.V.\" \/>\n<meta property=\"article:publisher\" content=\"https:\/\/www.facebook.com\/profile.php?id=100068417561917\" \/>\n<meta property=\"article:modified_time\" content=\"2025-10-13T09:29:45+00:00\" \/>\n<meta property=\"og:image\" content=\"https:\/\/btv-rauschendorf.de\/wp-content\/uploads\/2020\/11\/cropped-cropped-BTV-logo01.jpg\" \/>\n\t<meta property=\"og:image:width\" content=\"96\" \/>\n\t<meta property=\"og:image:height\" content=\"98\" \/>\n\t<meta property=\"og:image:type\" content=\"image\/jpeg\" \/>\n<meta name=\"twitter:card\" content=\"summary_large_image\" \/>\n<meta name=\"twitter:label1\" content=\"Gesch\u00e4tzte Lesezeit\" \/>\n\t<meta name=\"twitter:data1\" content=\"7\u00a0Minuten\" \/>\n<script type=\"application\/ld+json\" class=\"yoast-schema-graph\">{\"@context\":\"https:\\\/\\\/schema.org\",\"@graph\":[{\"@type\":\"WebPage\",\"@id\":\"https:\\\/\\\/btv-rauschendorf.de\\\/?page_id=2579\",\"url\":\"https:\\\/\\\/btv-rauschendorf.de\\\/?page_id=2579\",\"name\":\"Datenschutz - Brauchtumsverein Rauschendorf e.V.\",\"isPartOf\":{\"@id\":\"https:\\\/\\\/btv-rauschendorf.de\\\/#website\"},\"datePublished\":\"2018-09-06T19:00:31+00:00\",\"dateModified\":\"2025-10-13T09:29:45+00:00\",\"breadcrumb\":{\"@id\":\"https:\\\/\\\/btv-rauschendorf.de\\\/?page_id=2579#breadcrumb\"},\"inLanguage\":\"de\",\"potentialAction\":[{\"@type\":\"ReadAction\",\"target\":[\"https:\\\/\\\/btv-rauschendorf.de\\\/?page_id=2579\"]}]},{\"@type\":\"BreadcrumbList\",\"@id\":\"https:\\\/\\\/btv-rauschendorf.de\\\/?page_id=2579#breadcrumb\",\"itemListElement\":[{\"@type\":\"ListItem\",\"position\":1,\"name\":\"Startseite\",\"item\":\"https:\\\/\\\/btv-rauschendorf.de\\\/\"},{\"@type\":\"ListItem\",\"position\":2,\"name\":\"Datenschutz\"}]},{\"@type\":\"WebSite\",\"@id\":\"https:\\\/\\\/btv-rauschendorf.de\\\/#website\",\"url\":\"https:\\\/\\\/btv-rauschendorf.de\\\/\",\"name\":\"Brauchtumsverein Rauschendorf e.V.\",\"description\":\"Verein zur Erhaltung des Brauchtums im Dorf\",\"publisher\":{\"@id\":\"https:\\\/\\\/btv-rauschendorf.de\\\/#organization\"},\"alternateName\":\"BTV Rauschendorf\",\"potentialAction\":[{\"@type\":\"SearchAction\",\"target\":{\"@type\":\"EntryPoint\",\"urlTemplate\":\"https:\\\/\\\/btv-rauschendorf.de\\\/?s={search_term_string}\"},\"query-input\":{\"@type\":\"PropertyValueSpecification\",\"valueRequired\":true,\"valueName\":\"search_term_string\"}}],\"inLanguage\":\"de\"},{\"@type\":\"Organization\",\"@id\":\"https:\\\/\\\/btv-rauschendorf.de\\\/#organization\",\"name\":\"Brauchtumsverein Rauschendorf e.V.\",\"alternateName\":\"BTV Rauschendorf\",\"url\":\"https:\\\/\\\/btv-rauschendorf.de\\\/\",\"logo\":{\"@type\":\"ImageObject\",\"inLanguage\":\"de\",\"@id\":\"https:\\\/\\\/btv-rauschendorf.de\\\/#\\\/schema\\\/logo\\\/image\\\/\",\"url\":\"https:\\\/\\\/btv-rauschendorf.de\\\/wp-content\\\/uploads\\\/2020\\\/11\\\/cropped-cropped-cropped-BTV-logo01-3.jpg\",\"contentUrl\":\"https:\\\/\\\/btv-rauschendorf.de\\\/wp-content\\\/uploads\\\/2020\\\/11\\\/cropped-cropped-cropped-BTV-logo01-3.jpg\",\"width\":500,\"height\":98,\"caption\":\"Brauchtumsverein Rauschendorf e.V.\"},\"image\":{\"@id\":\"https:\\\/\\\/btv-rauschendorf.de\\\/#\\\/schema\\\/logo\\\/image\\\/\"},\"sameAs\":[\"https:\\\/\\\/www.facebook.com\\\/profile.php?id=100068417561917\",\"https:\\\/\\\/www.instagram.com\\\/btv_rauschendorf\\\/\"]}]}<\/script>\n<!-- \/ Yoast SEO plugin. -->","yoast_head_json":{"title":"Datenschutz - Brauchtumsverein Rauschendorf e.V.","robots":{"index":"index","follow":"follow","max-snippet":"max-snippet:-1","max-image-preview":"max-image-preview:large","max-video-preview":"max-video-preview:-1"},"canonical":"https:\/\/btv-rauschendorf.de\/?page_id=2579","og_locale":"de_DE","og_type":"article","og_title":"Datenschutz - Brauchtumsverein Rauschendorf e.V.","og_description":"Datenschutzerkl\u00e4rung 1. Allgemeine Hinweise Die folgenden Hinweise geben Ihnen einen \u00dcberblick dar\u00fcber, was mit Ihren personenbezogenen Daten passiert, wenn Sie unsere Website besuchen. Personenbezogene Daten sind alle Daten, mit denen Sie pers\u00f6nlich identifiziert werden k\u00f6nnen. Wir nehmen den Schutz Ihrer Daten sehr ernst. Wir behandeln Ihre personenbezogenen Daten vertraulich und entsprechend der gesetzlichen Datenschutzvorschriften sowie [&hellip;]","og_url":"https:\/\/btv-rauschendorf.de\/?page_id=2579","og_site_name":"Brauchtumsverein Rauschendorf e.V.","article_publisher":"https:\/\/www.facebook.com\/profile.php?id=100068417561917","article_modified_time":"2025-10-13T09:29:45+00:00","og_image":[{"width":96,"height":98,"url":"https:\/\/btv-rauschendorf.de\/wp-content\/uploads\/2020\/11\/cropped-cropped-BTV-logo01.jpg","type":"image\/jpeg"}],"twitter_card":"summary_large_image","twitter_misc":{"Gesch\u00e4tzte Lesezeit":"7\u00a0Minuten"},"schema":{"@context":"https:\/\/schema.org","@graph":[{"@type":"WebPage","@id":"https:\/\/btv-rauschendorf.de\/?page_id=2579","url":"https:\/\/btv-rauschendorf.de\/?page_id=2579","name":"Datenschutz - Brauchtumsverein Rauschendorf e.V.","isPartOf":{"@id":"https:\/\/btv-rauschendorf.de\/#website"},"datePublished":"2018-09-06T19:00:31+00:00","dateModified":"2025-10-13T09:29:45+00:00","breadcrumb":{"@id":"https:\/\/btv-rauschendorf.de\/?page_id=2579#breadcrumb"},"inLanguage":"de","potentialAction":[{"@type":"ReadAction","target":["https:\/\/btv-rauschendorf.de\/?page_id=2579"]}]},{"@type":"BreadcrumbList","@id":"https:\/\/btv-rauschendorf.de\/?page_id=2579#breadcrumb","itemListElement":[{"@type":"ListItem","position":1,"name":"Startseite","item":"https:\/\/btv-rauschendorf.de\/"},{"@type":"ListItem","position":2,"name":"Datenschutz"}]},{"@type":"WebSite","@id":"https:\/\/btv-rauschendorf.de\/#website","url":"https:\/\/btv-rauschendorf.de\/","name":"Brauchtumsverein Rauschendorf e.V.","description":"Verein zur Erhaltung des Brauchtums im Dorf","publisher":{"@id":"https:\/\/btv-rauschendorf.de\/#organization"},"alternateName":"BTV Rauschendorf","potentialAction":[{"@type":"SearchAction","target":{"@type":"EntryPoint","urlTemplate":"https:\/\/btv-rauschendorf.de\/?s={search_term_string}"},"query-input":{"@type":"PropertyValueSpecification","valueRequired":true,"valueName":"search_term_string"}}],"inLanguage":"de"},{"@type":"Organization","@id":"https:\/\/btv-rauschendorf.de\/#organization","name":"Brauchtumsverein Rauschendorf e.V.","alternateName":"BTV Rauschendorf","url":"https:\/\/btv-rauschendorf.de\/","logo":{"@type":"ImageObject","inLanguage":"de","@id":"https:\/\/btv-rauschendorf.de\/#\/schema\/logo\/image\/","url":"https:\/\/btv-rauschendorf.de\/wp-content\/uploads\/2020\/11\/cropped-cropped-cropped-BTV-logo01-3.jpg","contentUrl":"https:\/\/btv-rauschendorf.de\/wp-content\/uploads\/2020\/11\/cropped-cropped-cropped-BTV-logo01-3.jpg","width":500,"height":98,"caption":"Brauchtumsverein Rauschendorf e.V."},"image":{"@id":"https:\/\/btv-rauschendorf.de\/#\/schema\/logo\/image\/"},"sameAs":["https:\/\/www.facebook.com\/profile.php?id=100068417561917","https:\/\/www.instagram.com\/btv_rauschendorf\/"]}]}},"_links":{"self":[{"href":"https:\/\/btv-rauschendorf.de\/index.php?rest_route=\/wp\/v2\/pages\/2579","targetHints":{"allow":["GET"]}}],"collection":[{"href":"https:\/\/btv-rauschendorf.de\/index.php?rest_route=\/wp\/v2\/pages"}],"about":[{"href":"https:\/\/btv-rauschendorf.de\/index.php?rest_route=\/wp\/v2\/types\/page"}],"author":[{"embeddable":true,"href":"https:\/\/btv-rauschendorf.de\/index.php?rest_route=\/wp\/v2\/users\/3"}],"replies":[{"embeddable":true,"href":"https:\/\/btv-rauschendorf.de\/index.php?rest_route=%2Fwp%2Fv2%2Fcomments&post=2579"}],"version-history":[{"count":0,"href":"https:\/\/btv-rauschendorf.de\/index.php?rest_route=\/wp\/v2\/pages\/2579\/revisions"}],"wp:attachment":[{"href":"https:\/\/btv-rauschendorf.de\/index.php?rest_route=%2Fwp%2Fv2%2Fmedia&parent=2579"}],"curies":[{"name":"wp","href":"https:\/\/api.w.org\/{rel}","templated":true}]}}