{"id":9716,"date":"2021-08-16T12:38:50","date_gmt":"2021-08-16T12:38:50","guid":{"rendered":"http:\/\/btv-rauschendorf.de\/?page_id=9716"},"modified":"2023-02-21T10:21:59","modified_gmt":"2023-02-21T09:21:59","slug":"ueber-uns","status":"publish","type":"page","link":"https:\/\/btv-rauschendorf.de\/?page_id=9716","title":{"rendered":"\u00dcber uns"},"content":{"rendered":"\n<pre class=\"wp-block-code\"><code><div class=\"page\" title=\"Page 1\">\n<div class=\"layoutArea\">\n<div class=\"column\">\n<p><strong>Wer wir sind<\/strong><\/p>\n<p>Im Sommer 1984 gr\u00fcndeten ehemalige Mitglieder des Junggesellenvereins aus Rauschendorf den Brauchtumsverein Rauschendorf e.V. Zuvor hatte sich der Rauschendorfer Junggesellenverein aufgel\u00f6st, weil es an Nachwuchs fehlte. Au\u00dferdem waren die Junggesellen mit der Zeit alle in \u201efesten H\u00e4nden\u201c, heirateten und mussten den Junggesellenverein verlassen.<\/p>\n<p>Ziel des Brauchtumsvereins ist es seitdem, die alten Br\u00e4uche und Traditionen des Junggesellenvereins in Rauschendorf zu erhalten:<\/p>\n<p><strong>Mai-Ansingen am 1. Mai<\/strong><\/p><\/div><\/div><\/div><div class=\"page\" title=\"Page 1\"><div class=\"layoutArea\"><div class=\"column\"><p>Jedes Jahr am 1. Mai findet das traditionelle Mai-Ansingen auf dem Kapellenplatz statt. Damit begr\u00fc\u00dfen die Rauschendorfer die warme Jahreszeit. Der Festtag beginnt mit einer (\u00f6kumenischen) Andacht, der M\u00e4nnergesangsverein \u201eGem\u00fctlichkeit\u201c (MGV) Rauschendorf unterst\u00fctzt das Fest musikalisch.<\/p>\n<p><strong>Pfingstbaum mit Paias aufstellen<\/strong><\/p><\/div><\/div><\/div><div class=\"page\" title=\"Page 1\"><div class=\"layoutArea\"><div class=\"column\"><p>Das Pfingstbaumsetzen ist eine uralte Tradition, die der Brauchtumsverein Rauschendorf seit vielen Jahren pflegt. An Pfingstsamstag stellt er eine stattliche Buche vor der Kapelle auf, als Symbol f\u00fcr Fruchtbarkeit, Gesundheit und eine gute Ernte. Hoch oben in der Krone h\u00e4ngt der Paias, eine Strohpuppe mit Holzkopf. Der Holzkopf ist bereits \u00fcber 100 Jahre alt und kommt jedes Jahr wieder zum Einsatz. Der Paias steht symbolisch f\u00fcr alle S\u00fcnden, die dem Dorf und seinen Bewohnern widerfahren sind.<\/p>\n<p><strong>Eiersammeln<\/strong><\/p><\/div><\/div><\/div><div class=\"page\" title=\"Page 1\"><div class=\"layoutArea\"><div class=\"column\"><p>Das Eiersammeln findet ebenfalls an Pfingstsamstag statt. Dabei ziehen die M\u00e4nner des Dorfes nachmittags von Haus zu Haus und sammeln Eier, Speck und Geld. Die Eier symbolisieren wie der Pfingstbaum die Fruchtbarkeit, sie sollen f\u00fcr eine reiche Ernte sorgen. Die Frauen des Dorfes backen Eier und Speck abends zu Eierkuchen, die sie kostenlos an die Bewohner Rauschendorfs verteilen.<\/p><\/div><\/div><\/div>\n<div class=\"page\" title=\"Page 2\"><div class=\"layoutArea\"><div class=\"column\"><p><strong>Paias-Begr\u00e4bnis<\/strong><\/p><\/div><\/div><\/div><div class=\"page\" title=\"Page 2\"><div class=\"layoutArea\"><div class=\"column\"><p>Am Samstag nach der Stieldorfer Kirmes tragen die Rauschendorfer ihren Paias zu Grabe. Nach der \u201eF\u00e4llung\u201c des Pfingstbaumes zieht die Rauschendorfer Trauerfamilie - Vater, Mutter und Gemeinde - in einer feierlichen Prozession durch den Ort. Dabei tragen sie alles Schlechte und alle Schandtaten noch einmal lautstark vor. Am Ende der Prozession wird der Paias mit allen S\u00fcnden vor der Kapelle verbrannt.<\/p><\/div><\/div><\/div>\n<div class=\"page\" title=\"Page 2\"><div class=\"layoutArea\"><div class=\"column\"><strong>Sankt Martinszug<\/strong>\n<p>Am Samstag vor dem 11. November zieht Sankt Martin durch Rauschendorfs Stra\u00dfen. Freitags und samstags stellt der Brauchtumsverein das Martinsfeuer in der Beckers Kuhl (Feldweg am Ende der Scheurenstra\u00dfe) auf. Nach dem Zug verteilt Sankt Martin Stuten und Kakao an die Kinder, f\u00fcr die Gro\u00dfen gibt es Gl\u00fchwein.<\/p><\/div><\/div><\/div>\n<div class=\"page\" title=\"Page 2\"><div class=\"layoutArea\"><div class=\"column\"><p><strong>Nikolaus<\/strong><\/p>Der Brauchtumsverein Rauschendorf hat einen besonderen Draht zum Nikolaus und kann den Besuch des Heiligen in Rauschendorfer H\u00e4usern organisieren. Bei Bedarf einfach melden!<\/div><\/div><\/div>\n<div class=\"page\" title=\"Page 2\"><div class=\"layoutArea\"><div class=\"column\">\n<p><strong>Jura holen<\/strong><\/p><\/div><\/div><\/div><div class=\"page\" title=\"Page 2\"><div class=\"layoutArea\"><div class=\"column\"><p>Heiratet ein M\u00e4dchen aus Rauschendorf, holt der Brauchtumsverein auf der Hochzeitsfeier die Jura. Das bedeutet, dass eine heitere Gerichtsverhandlung stattfindet um festzustellen, ob der Br\u00e4utigam w\u00fcrdig ist, die Frau zu ehelichen. Die Jura wird nur auf Wunsch der Brautleute geholt.<\/p><\/div><\/div><\/div>\n<strong>Strick spannen, Strickspruch<\/strong>\n\nBeim sogenannten Strickspannen, Hochzeitaufhalten, handelt es sich um einen Brauch, wenn ein Mann aus dem Dorf heiratet. \nNach dem Ja-Wort bei der Trauung zieht das Brautpaar aus der Kirche oder dem Standesamt aus. Aber so einfach sollen die ersten gemeinsamen Schritte dann doch nicht sein. Nach einem Brauch spannen die Vereinsmitglieder, ehemalig die Junggesellen ein Seil vor der Kirchent\u00fcr oder dem Standsamt.\nErreicht der Hochzeitszug das Seil, muss dieser anhalten.\nNun sagt einer vom Verein den \u201eStrick Spruch\u201c auf, woraufhin sie eine Bundgeb\u00fchr, Geld, von dem Brautpaar und den G\u00e4sten erbeten.\nDer Br\u00e4utigam muss, wenn er dar\u00fcbersteigt, bezahlen, um den Weg aus der Kirche oder dem Standesamt freizukaufen. \nDie Tradition besagt, dass dies die erste Zerrei\u00dfprobe f\u00fcr das Brautpaar darstellen soll.\nDaraufhin wird das Seil gesenkt und das Brautpaar kann seinen Weg fortsetzen. Dies wird so lange fortgef\u00fchrt, bis alle G\u00e4ste des Hochzeitszuges den Strick passiert haben.<div class=\"page\" title=\"Page 2\"><div class=\"layoutArea\"><div class=\"column\">\n<p><strong>Storch setzen<\/strong><\/p><\/div><\/div><\/div><div class=\"page\" title=\"Page 2\"><div class=\"layoutArea\"><div class=\"column\"><p>Bekommt ein Paar aus dem Verein Nachwuchs, stellt der Brauchtumsverein vor deren Haust\u00fcr den Storch auf und gratuliert den Eltern herzlich.<\/p>\n<p>Diese Traditionen leben weiter, wenn wir sie alle leben. Daf\u00fcr brauchen wir Eure Unterst\u00fctzung. Seid dabei!<\/p>\n<\/div>\n<\/div>\n<\/div><\/code><\/pre>\n","protected":false},"excerpt":{"rendered":"","protected":false},"author":4,"featured_media":0,"parent":0,"menu_order":0,"comment_status":"closed","ping_status":"closed","template":"","meta":{"footnotes":""},"class_list":["post-9716","page","type-page","status-publish","hentry"],"yoast_head":"<!-- This site is optimized with the Yoast SEO plugin v27.4 - https:\/\/yoast.com\/product\/yoast-seo-wordpress\/ -->\n<title>\u00dcber uns - Brauchtumsverein Rauschendorf e.V.<\/title>\n<meta name=\"robots\" content=\"index, follow, max-snippet:-1, max-image-preview:large, max-video-preview:-1\" \/>\n<link rel=\"canonical\" href=\"https:\/\/btv-rauschendorf.de\/?page_id=9716\" \/>\n<meta property=\"og:locale\" content=\"de_DE\" \/>\n<meta property=\"og:type\" content=\"article\" \/>\n<meta property=\"og:title\" content=\"\u00dcber uns - Brauchtumsverein Rauschendorf e.V.\" \/>\n<meta property=\"og:url\" content=\"https:\/\/btv-rauschendorf.de\/?page_id=9716\" \/>\n<meta property=\"og:site_name\" content=\"Brauchtumsverein Rauschendorf e.V.\" \/>\n<meta property=\"article:publisher\" content=\"https:\/\/www.facebook.com\/profile.php?id=100068417561917\" \/>\n<meta property=\"article:modified_time\" content=\"2023-02-21T09:21:59+00:00\" \/>\n<meta property=\"og:image\" content=\"https:\/\/btv-rauschendorf.de\/wp-content\/uploads\/2020\/11\/cropped-cropped-BTV-logo01.jpg\" \/>\n\t<meta property=\"og:image:width\" content=\"96\" \/>\n\t<meta property=\"og:image:height\" content=\"98\" \/>\n\t<meta property=\"og:image:type\" content=\"image\/jpeg\" \/>\n<meta name=\"twitter:card\" content=\"summary_large_image\" \/>\n<meta name=\"twitter:label1\" content=\"Gesch\u00e4tzte Lesezeit\" \/>\n\t<meta name=\"twitter:data1\" content=\"3\u00a0Minuten\" \/>\n<script type=\"application\/ld+json\" class=\"yoast-schema-graph\">{\"@context\":\"https:\\\/\\\/schema.org\",\"@graph\":[{\"@type\":\"WebPage\",\"@id\":\"https:\\\/\\\/btv-rauschendorf.de\\\/?page_id=9716\",\"url\":\"https:\\\/\\\/btv-rauschendorf.de\\\/?page_id=9716\",\"name\":\"\u00dcber uns - Brauchtumsverein Rauschendorf e.V.\",\"isPartOf\":{\"@id\":\"https:\\\/\\\/btv-rauschendorf.de\\\/#website\"},\"datePublished\":\"2021-08-16T12:38:50+00:00\",\"dateModified\":\"2023-02-21T09:21:59+00:00\",\"breadcrumb\":{\"@id\":\"https:\\\/\\\/btv-rauschendorf.de\\\/?page_id=9716#breadcrumb\"},\"inLanguage\":\"de\",\"potentialAction\":[{\"@type\":\"ReadAction\",\"target\":[\"https:\\\/\\\/btv-rauschendorf.de\\\/?page_id=9716\"]}]},{\"@type\":\"BreadcrumbList\",\"@id\":\"https:\\\/\\\/btv-rauschendorf.de\\\/?page_id=9716#breadcrumb\",\"itemListElement\":[{\"@type\":\"ListItem\",\"position\":1,\"name\":\"Startseite\",\"item\":\"https:\\\/\\\/btv-rauschendorf.de\\\/\"},{\"@type\":\"ListItem\",\"position\":2,\"name\":\"\u00dcber uns\"}]},{\"@type\":\"WebSite\",\"@id\":\"https:\\\/\\\/btv-rauschendorf.de\\\/#website\",\"url\":\"https:\\\/\\\/btv-rauschendorf.de\\\/\",\"name\":\"Brauchtumsverein Rauschendorf e.V.\",\"description\":\"Verein zur Erhaltung des Brauchtums im Dorf\",\"publisher\":{\"@id\":\"https:\\\/\\\/btv-rauschendorf.de\\\/#organization\"},\"alternateName\":\"BTV Rauschendorf\",\"potentialAction\":[{\"@type\":\"SearchAction\",\"target\":{\"@type\":\"EntryPoint\",\"urlTemplate\":\"https:\\\/\\\/btv-rauschendorf.de\\\/?s={search_term_string}\"},\"query-input\":{\"@type\":\"PropertyValueSpecification\",\"valueRequired\":true,\"valueName\":\"search_term_string\"}}],\"inLanguage\":\"de\"},{\"@type\":\"Organization\",\"@id\":\"https:\\\/\\\/btv-rauschendorf.de\\\/#organization\",\"name\":\"Brauchtumsverein Rauschendorf e.V.\",\"alternateName\":\"BTV Rauschendorf\",\"url\":\"https:\\\/\\\/btv-rauschendorf.de\\\/\",\"logo\":{\"@type\":\"ImageObject\",\"inLanguage\":\"de\",\"@id\":\"https:\\\/\\\/btv-rauschendorf.de\\\/#\\\/schema\\\/logo\\\/image\\\/\",\"url\":\"https:\\\/\\\/btv-rauschendorf.de\\\/wp-content\\\/uploads\\\/2020\\\/11\\\/cropped-cropped-cropped-BTV-logo01-3.jpg\",\"contentUrl\":\"https:\\\/\\\/btv-rauschendorf.de\\\/wp-content\\\/uploads\\\/2020\\\/11\\\/cropped-cropped-cropped-BTV-logo01-3.jpg\",\"width\":500,\"height\":98,\"caption\":\"Brauchtumsverein Rauschendorf e.V.\"},\"image\":{\"@id\":\"https:\\\/\\\/btv-rauschendorf.de\\\/#\\\/schema\\\/logo\\\/image\\\/\"},\"sameAs\":[\"https:\\\/\\\/www.facebook.com\\\/profile.php?id=100068417561917\",\"https:\\\/\\\/www.instagram.com\\\/btv_rauschendorf\\\/\"]}]}<\/script>\n<!-- \/ Yoast SEO plugin. -->","yoast_head_json":{"title":"\u00dcber uns - Brauchtumsverein Rauschendorf e.V.","robots":{"index":"index","follow":"follow","max-snippet":"max-snippet:-1","max-image-preview":"max-image-preview:large","max-video-preview":"max-video-preview:-1"},"canonical":"https:\/\/btv-rauschendorf.de\/?page_id=9716","og_locale":"de_DE","og_type":"article","og_title":"\u00dcber uns - Brauchtumsverein Rauschendorf e.V.","og_url":"https:\/\/btv-rauschendorf.de\/?page_id=9716","og_site_name":"Brauchtumsverein Rauschendorf e.V.","article_publisher":"https:\/\/www.facebook.com\/profile.php?id=100068417561917","article_modified_time":"2023-02-21T09:21:59+00:00","og_image":[{"width":96,"height":98,"url":"https:\/\/btv-rauschendorf.de\/wp-content\/uploads\/2020\/11\/cropped-cropped-BTV-logo01.jpg","type":"image\/jpeg"}],"twitter_card":"summary_large_image","twitter_misc":{"Gesch\u00e4tzte Lesezeit":"3\u00a0Minuten"},"schema":{"@context":"https:\/\/schema.org","@graph":[{"@type":"WebPage","@id":"https:\/\/btv-rauschendorf.de\/?page_id=9716","url":"https:\/\/btv-rauschendorf.de\/?page_id=9716","name":"\u00dcber uns - Brauchtumsverein Rauschendorf e.V.","isPartOf":{"@id":"https:\/\/btv-rauschendorf.de\/#website"},"datePublished":"2021-08-16T12:38:50+00:00","dateModified":"2023-02-21T09:21:59+00:00","breadcrumb":{"@id":"https:\/\/btv-rauschendorf.de\/?page_id=9716#breadcrumb"},"inLanguage":"de","potentialAction":[{"@type":"ReadAction","target":["https:\/\/btv-rauschendorf.de\/?page_id=9716"]}]},{"@type":"BreadcrumbList","@id":"https:\/\/btv-rauschendorf.de\/?page_id=9716#breadcrumb","itemListElement":[{"@type":"ListItem","position":1,"name":"Startseite","item":"https:\/\/btv-rauschendorf.de\/"},{"@type":"ListItem","position":2,"name":"\u00dcber uns"}]},{"@type":"WebSite","@id":"https:\/\/btv-rauschendorf.de\/#website","url":"https:\/\/btv-rauschendorf.de\/","name":"Brauchtumsverein Rauschendorf e.V.","description":"Verein zur Erhaltung des Brauchtums im Dorf","publisher":{"@id":"https:\/\/btv-rauschendorf.de\/#organization"},"alternateName":"BTV Rauschendorf","potentialAction":[{"@type":"SearchAction","target":{"@type":"EntryPoint","urlTemplate":"https:\/\/btv-rauschendorf.de\/?s={search_term_string}"},"query-input":{"@type":"PropertyValueSpecification","valueRequired":true,"valueName":"search_term_string"}}],"inLanguage":"de"},{"@type":"Organization","@id":"https:\/\/btv-rauschendorf.de\/#organization","name":"Brauchtumsverein Rauschendorf e.V.","alternateName":"BTV Rauschendorf","url":"https:\/\/btv-rauschendorf.de\/","logo":{"@type":"ImageObject","inLanguage":"de","@id":"https:\/\/btv-rauschendorf.de\/#\/schema\/logo\/image\/","url":"https:\/\/btv-rauschendorf.de\/wp-content\/uploads\/2020\/11\/cropped-cropped-cropped-BTV-logo01-3.jpg","contentUrl":"https:\/\/btv-rauschendorf.de\/wp-content\/uploads\/2020\/11\/cropped-cropped-cropped-BTV-logo01-3.jpg","width":500,"height":98,"caption":"Brauchtumsverein Rauschendorf e.V."},"image":{"@id":"https:\/\/btv-rauschendorf.de\/#\/schema\/logo\/image\/"},"sameAs":["https:\/\/www.facebook.com\/profile.php?id=100068417561917","https:\/\/www.instagram.com\/btv_rauschendorf\/"]}]}},"_links":{"self":[{"href":"https:\/\/btv-rauschendorf.de\/index.php?rest_route=\/wp\/v2\/pages\/9716","targetHints":{"allow":["GET"]}}],"collection":[{"href":"https:\/\/btv-rauschendorf.de\/index.php?rest_route=\/wp\/v2\/pages"}],"about":[{"href":"https:\/\/btv-rauschendorf.de\/index.php?rest_route=\/wp\/v2\/types\/page"}],"author":[{"embeddable":true,"href":"https:\/\/btv-rauschendorf.de\/index.php?rest_route=\/wp\/v2\/users\/4"}],"replies":[{"embeddable":true,"href":"https:\/\/btv-rauschendorf.de\/index.php?rest_route=%2Fwp%2Fv2%2Fcomments&post=9716"}],"version-history":[{"count":0,"href":"https:\/\/btv-rauschendorf.de\/index.php?rest_route=\/wp\/v2\/pages\/9716\/revisions"}],"wp:attachment":[{"href":"https:\/\/btv-rauschendorf.de\/index.php?rest_route=%2Fwp%2Fv2%2Fmedia&parent=9716"}],"curies":[{"name":"wp","href":"https:\/\/api.w.org\/{rel}","templated":true}]}}